{"id":14,"date":"2023-01-10T13:12:01","date_gmt":"2023-01-10T13:12:01","guid":{"rendered":"https:\/\/docteur-francois-andre.chirurgiens-dentistes.fr\/?page_id=14"},"modified":"2023-03-03T13:02:37","modified_gmt":"2023-03-03T13:02:37","slug":"accueil","status":"publish","type":"page","link":"https:\/\/docteur-francois-andre.chirurgiens-dentistes.fr\/","title":{"rendered":"Accueil"},"content":{"rendered":"<div id='layer_slider_1'  class='avia-layerslider main_color avia-shadow  avia-builder-el-0  el_before_av_layerslider  avia-builder-el-first  container_wrap fullsize'  style='height: 581px;'  ><\/div>\n<div id='layer_slider_2'  class='avia-layerslider main_color avia-shadow  avia-builder-el-1  el_after_av_layerslider  el_before_av_section  slider-not-first container_wrap fullsize'  style='height: 601px;'  ><\/div>\n<div id='av_section_1'  class='avia-section av-lcsytpdw-39cef16207ff58f8c79743327c93dc6a main_color avia-section-default avia-no-border-styling  avia-builder-el-2  el_after_av_layerslider  el_before_av_section  avia-bg-style-scroll container_wrap fullsize'  ><div class='container av-section-cont-open' ><div class='template-page content  av-content-full alpha units'><div class='post-entry post-entry-type-page post-entry-14'><div class='entry-content-wrapper clearfix'>\n<div class='flex_column av-3n3j6-7fac8a3aafb34948cc4e37db54ed7c6b av_one_half  avia-builder-el-3  el_before_av_one_half  avia-builder-el-first  first flex_column_div '     ><style type=\"text\/css\" data-created_by=\"avia_inline_auto\" id=\"style-css-av-lcsyvsxs-1468977a5fb38e9c60c27d49dd1f6864\">\n.iconbox.av-lcsyvsxs-1468977a5fb38e9c60c27d49dd1f6864 .iconbox_icon{\ncolor:#1e73be;\n}\n#top #wrap_all .iconbox.av-lcsyvsxs-1468977a5fb38e9c60c27d49dd1f6864 .iconbox_content_title{\ncolor:#667c87;\n}\n<\/style>\n<article  id=\"cabinet\"  class='iconbox iconbox_left_content av-lcsyvsxs-1468977a5fb38e9c60c27d49dd1f6864  avia-builder-el-4  avia-builder-el-no-sibling '  itemscope=\"itemscope\" itemtype=\"https:\/\/schema.org\/CreativeWork\" ><div class=\"iconbox_icon heading-color\" aria-hidden='true' data-av_icon='\ue80a' data-av_iconfont='entypo-fontello'><\/div><div class=\"iconbox_content\"><header class=\"entry-content-header\"><\/header><div class='iconbox_content_container '  itemprop=\"text\" ><h5>L&rsquo;\u00c9QUIPE<\/h5>\n<h4>Bienvenue au cabinet<\/h4>\n<p>Fort de son exp\u00e9rience dans le domaine de la chirurgie dentaire, Le\u00a0<strong>Docteur Fran\u00e7ois Andr\u00e9<\/strong>\u00a0peut proc\u00e9der \u00e0 l\u2019<strong>implantologie<\/strong>\u00a0pour substituer vos dents manquantes.<br \/>\nIl est \u00e9galement sp\u00e9cialis\u00e9 dans les soins dentaires assist\u00e9s par\u00a0<strong>laser<\/strong>\u00a0afin de soigner efficacement les foyers infectieux et inflammatoires.<br \/>\nGrace \u00e0 l\u2019\u00e9volution r\u00e9cente des syst\u00e8mes d\u2019<strong>empreinte optique<\/strong>, votre cabinet dispose d\u2019un mat\u00e9riel performant permettant d\u2019obtenir une image tridimensionnelle des volumes bucco-dentaires gr\u00e2ce \u00e0 un syst\u00e8me optique coupl\u00e9 \u00e0 un ordinateur,\u00a0<strong>CFAO<\/strong>.<\/p>\n<p><strong>Docteur Fran\u00e7ois Andr\u00e9<\/strong>\u00a0\u2013 Chirurgien DentisteDipl\u00f4m\u00e9 de l\u2019Universit\u00e9 de Reims<\/p>\n<p><strong>Sophie<\/strong>\u00a0\u2013 Assistante qualifi\u00e9e<\/p>\n<\/div><\/div><footer class=\"entry-footer\"><\/footer><\/article><\/div><div class='flex_column av-3fq96-f6b3a9d18dd6924e3f0e02faf50fbf02 av_one_half  avia-builder-el-5  el_after_av_one_half  avia-builder-el-last  flex_column_div '     ><style type=\"text\/css\" data-created_by=\"avia_inline_auto\" id=\"style-css-av-lcsywzoy-b3143272a6cbfb37174f4d7666ceccbd\">\n.iconbox.av-lcsywzoy-b3143272a6cbfb37174f4d7666ceccbd .iconbox_icon{\ncolor:#1e73be;\n}\n<\/style>\n<article  class='iconbox iconbox_left_content av-lcsywzoy-b3143272a6cbfb37174f4d7666ceccbd  avia-builder-el-6  avia-builder-el-no-sibling '  itemscope=\"itemscope\" itemtype=\"https:\/\/schema.org\/CreativeWork\" ><div class=\"iconbox_icon heading-color\" aria-hidden='true' data-av_icon='\ue864' data-av_iconfont='entypo-fontello'><\/div><div class=\"iconbox_content\"><header class=\"entry-content-header\"><\/header><div class='iconbox_content_container '  itemprop=\"text\" ><h5>LE CABINET<\/h5>\n<h4>Notre mission<\/h4>\n<p>Situ\u00e9 \u00e0 Charleville-M\u00e9zi\u00e8res, Le Docteur Andr\u00e9 Fran\u00e7ois, Chirurgien-Dentiste, vous accueille dans son cabinet dentaire dans les Ardennes (08), \u00e0 c\u00f4t\u00e9 de Sedan et de Villers-Semeuse et vous propose des traitements et des soins dentaires adapt\u00e9s. Il participe activement \u00e0 votre sant\u00e9 et \u00e0 votre bien-\u00eatre bucco-dentaire.<\/p>\n<div>\n<ul>\n<li>Conventionn\u00e9<\/li>\n<li>Membre d\u2019une AGA<\/li>\n<li>Accepte la carte vitale<\/li>\n<li>Sur rendez-vous<\/li>\n<li>Accepte paiements ch\u00e8ques et esp\u00e8ces<\/li>\n<\/ul>\n<\/div>\n<\/div><\/div><footer class=\"entry-footer\"><\/footer><\/article><\/div>\n\n<\/div><\/div><\/div><!-- close content main div --><\/div><\/div>\n<style type=\"text\/css\" data-created_by=\"avia_inline_auto\" id=\"style-css-av-2gr86-aebaffbfc1f63b50b38e561a324df594\">\n.avia-section.av-2gr86-aebaffbfc1f63b50b38e561a324df594{\nbackground-color:#f3f4f8;\nbackground-image:unset;\n}\n<\/style>\n<div id='av_section_2'  class='avia-section av-2gr86-aebaffbfc1f63b50b38e561a324df594 main_color avia-section-default avia-no-border-styling  avia-builder-el-7  el_after_av_section  el_before_av_slideshow_full  avia-bg-style-scroll container_wrap fullsize'  ><div class='container av-section-cont-open' ><div class='template-page content  av-content-full alpha units'><div class='post-entry post-entry-type-page post-entry-14'><div class='entry-content-wrapper clearfix'>\n<div class='flex_column av-26sia-60c6adb75a8652760e38be0636c131a1 av_one_half  avia-builder-el-8  el_before_av_one_half  avia-builder-el-first  first flex_column_div '     ><p>\n<style type=\"text\/css\" data-created_by=\"avia_inline_auto\" id=\"style-css-av-lcszz562-ea7c1dd343fde291cb0b1b76e3466b3d\">\n.iconbox.av-lcszz562-ea7c1dd343fde291cb0b1b76e3466b3d .iconbox_icon{\ncolor:#1e73be;\n}\n#top #wrap_all .iconbox.av-lcszz562-ea7c1dd343fde291cb0b1b76e3466b3d .iconbox_content_title{\nfont-size:18px;\n}\n<\/style>\n<article  id=\"horaires\"  class='iconbox iconbox_left_content av-lcszz562-ea7c1dd343fde291cb0b1b76e3466b3d  avia-builder-el-9  el_before_av_icon_box  avia-builder-el-first '  itemscope=\"itemscope\" itemtype=\"https:\/\/schema.org\/CreativeWork\" ><div class=\"iconbox_icon heading-color\" aria-hidden='true' data-av_icon='\ue862' data-av_iconfont='entypo-fontello'><\/div><div class=\"iconbox_content\"><header class=\"entry-content-header\"><h3 class='iconbox_content_title '  itemprop=\"headline\" >NOS HORAIRES<\/h3><\/header><div class='iconbox_content_container '  itemprop=\"text\" ><p><b>Lundi :<\/b>\u00a09H &#8211; 12H &#8211; 14H 18H<\/p>\n<p><b>Mardi :<\/b>\u00a09H &#8211; 12H &#8211; 14H 18H<\/p>\n<p><b>Mercredi :<\/b>\u00a09H &#8211; 12H &#8211; 14H 18H<\/p>\n<p><b>Jeudi :<\/b>\u00a0Ferm\u00e9<\/p>\n<p><b>Vendredi :<\/b>\u00a09H &#8211; 12H &#8211; 14H 18H<\/p>\n<p><b>Samedi :<\/b>\u00a0Ferm\u00e9<\/p>\n<p><b>Dimanche :<\/b>\u00a0Ferm\u00e9<\/p>\n<\/div><\/div><footer class=\"entry-footer\"><\/footer><\/article><br \/>\n\n<style type=\"text\/css\" data-created_by=\"avia_inline_auto\" id=\"style-css-av-lcszzuaf-3f8caf6ddcfe1b6a08b4583f5dc524e9\">\n.iconbox.av-lcszzuaf-3f8caf6ddcfe1b6a08b4583f5dc524e9 .iconbox_icon{\ncolor:#1e73be;\n}\n#top #wrap_all .iconbox.av-lcszzuaf-3f8caf6ddcfe1b6a08b4583f5dc524e9 .iconbox_content_title{\nfont-size:18px;\n}\n<\/style>\n<article  class='iconbox iconbox_left_content av-lcszzuaf-3f8caf6ddcfe1b6a08b4583f5dc524e9  avia-builder-el-10  el_after_av_icon_box  el_before_av_icon_box '  itemscope=\"itemscope\" itemtype=\"https:\/\/schema.org\/CreativeWork\" ><div class=\"iconbox_icon heading-color\" aria-hidden='true' data-av_icon='\ue854' data-av_iconfont='entypo-fontello'><\/div><div class=\"iconbox_content\"><header class=\"entry-content-header\"><\/header><div class='iconbox_content_container '  itemprop=\"text\" ><p><strong>03 24 33 17 56<\/strong><\/p>\n<\/div><\/div><footer class=\"entry-footer\"><\/footer><\/article><br \/>\n\n<style type=\"text\/css\" data-created_by=\"avia_inline_auto\" id=\"style-css-av-lct00493-f532b7090a04bb0164ebe29fdf6adadb\">\n.iconbox.av-lct00493-f532b7090a04bb0164ebe29fdf6adadb .iconbox_icon{\ncolor:#1e73be;\n}\n<\/style>\n<article  class='iconbox iconbox_left_content av-lct00493-f532b7090a04bb0164ebe29fdf6adadb  avia-builder-el-11  el_after_av_icon_box  avia-builder-el-last '  itemscope=\"itemscope\" itemtype=\"https:\/\/schema.org\/CreativeWork\" ><div class=\"iconbox_icon heading-color\" aria-hidden='true' data-av_icon='\ue8b7' data-av_iconfont='entypo-fontello'><\/div><div class=\"iconbox_content\"><header class=\"entry-content-header\"><\/header><div class='iconbox_content_container '  itemprop=\"text\" ><p>dd.francois@wanadoo.fr<\/p>\n<\/div><\/div><footer class=\"entry-footer\"><\/footer><\/article><\/p><\/div><div class='flex_column av-1oley-9eb88db9075796847649342472b4e15a av_one_half  avia-builder-el-12  el_after_av_one_half  avia-builder-el-last  flex_column_div '     ><style type=\"text\/css\" data-created_by=\"avia_inline_auto\" id=\"style-css-av-lcszxv1m-421c44b4b32c8c8121c3ff99eff673e5\">\n.iconbox.av-lcszxv1m-421c44b4b32c8c8121c3ff99eff673e5 .iconbox_icon{\ncolor:#1e73be;\n}\n<\/style>\n<article  class='iconbox iconbox_left av-lcszxv1m-421c44b4b32c8c8121c3ff99eff673e5  avia-builder-el-13  avia-builder-el-no-sibling '  itemscope=\"itemscope\" itemtype=\"https:\/\/schema.org\/CreativeWork\" ><div class=\"iconbox_content\"><header class=\"entry-content-header\"><div class=\"iconbox_icon heading-color\" aria-hidden='true' data-av_icon='\ue842' data-av_iconfont='entypo-fontello'><\/div><h3 class='iconbox_content_title '  itemprop=\"headline\" >NOUS TROUVER<\/h3><\/header><div class='iconbox_content_container '  itemprop=\"text\" ><div class=\"intro-content\">\n<p><iframe loading=\"lazy\" src=\"https:\/\/maps.google.com\/maps?f=q&amp;source=s_q&amp;hl=fr&amp;geocode=&amp;q=11, rue Waroquier 08000 Charleville M\u00e9zi\u00e8res &amp;output=embed\" width=\"500\" height=\"250\" frameborder=\"0\" marginwidth=\"0\" marginheight=\"0\" scrolling=\"no\"><\/iframe><\/p>\n<\/div>\n<\/div><\/div><footer class=\"entry-footer\"><\/footer><\/article><\/div>\n\n<\/div><\/div><\/div><!-- close content main div --><\/div><\/div><div id='full_slider_1'  class='avia-fullwidth-slider main_color avia-shadow   avia-builder-el-14  el_after_av_section  el_before_av_iconlist   slider-not-first container_wrap fullsize'  ><div  class='avia-slideshow av-lct7oxwy-d2902779ad471977f142df3a3d2589b6 avia-slideshow-featured av_slideshow_full avia-slide_up-slider av-slideshow-ui av-control-default av-no-slider-navigation av-slideshow-autoplay av-loop-endless av-loop-manual-endless av-default-height-applied   avia-slideshow-1' data-slideshow-options=\"{&quot;animation&quot;:&quot;slide_up&quot;,&quot;autoplay&quot;:true,&quot;loop_autoplay&quot;:&quot;endless&quot;,&quot;interval&quot;:4,&quot;loop_manual&quot;:&quot;manual-endless&quot;,&quot;autoplay_stopper&quot;:false,&quot;noNavigation&quot;:false,&quot;bg_slider&quot;:false,&quot;keep_padding&quot;:false,&quot;hoverpause&quot;:false,&quot;show_slide_delay&quot;:0}\"  itemprop=\"image\" itemscope=\"itemscope\" itemtype=\"https:\/\/schema.org\/ImageObject\" ><ul class='avia-slideshow-inner ' style='padding-bottom: 28.666666666667%;'><li  class='avia-slideshow-slide av-lct7oxwy-d2902779ad471977f142df3a3d2589b6__0  slide-1 slide-odd'><div data-rel='slideshow-1' class='avia-slide-wrap '   ><img decoding=\"async\" class=\"wp-image-241 avia-img-lazy-loading-not-241\"  src=\"https:\/\/docteur-francois-andre.chirurgiens-dentistes.fr\/wp-content\/uploads\/2023\/01\/DSC02132_DxOVP-1600x900-1-1500x430.webp\" width=\"1500\" height=\"430\" title='DSC02132_DxOVP-1600x900' alt=''  itemprop=\"thumbnailUrl\"   \/><\/div><\/li><li  class='avia-slideshow-slide av-lct7oxwy-d2902779ad471977f142df3a3d2589b6__1  slide-2 slide-even'><div data-rel='slideshow-1' class='avia-slide-wrap '   ><img decoding=\"async\" class=\"wp-image-242 avia-img-lazy-loading-not-242\"  src=\"https:\/\/docteur-francois-andre.chirurgiens-dentistes.fr\/wp-content\/uploads\/2023\/01\/Batiment2-1600x900-1-1500x430.webp\" width=\"1500\" height=\"430\" title='Batiment2-1600x900' alt=''  itemprop=\"thumbnailUrl\"   \/><\/div><\/li><li  class='avia-slideshow-slide av-lct7oxwy-d2902779ad471977f142df3a3d2589b6__2  slide-3 slide-odd'><div data-rel='slideshow-1' class='avia-slide-wrap '   ><img decoding=\"async\" class=\"wp-image-243 avia-img-lazy-loading-not-243\"  src=\"https:\/\/docteur-francois-andre.chirurgiens-dentistes.fr\/wp-content\/uploads\/2023\/01\/Salle-dAttente_DxO3000-1600x900-1-1500x430.webp\" width=\"1500\" height=\"430\" title='Salle-dAttente_DxO3000-1600x900' alt=''  itemprop=\"thumbnailUrl\"   \/><\/div><\/li><li  class='avia-slideshow-slide av-lct7oxwy-d2902779ad471977f142df3a3d2589b6__3  slide-4 slide-even'><div data-rel='slideshow-1' class='avia-slide-wrap '   ><img decoding=\"async\" class=\"wp-image-244 avia-img-lazy-loading-not-244\"  src=\"https:\/\/docteur-francois-andre.chirurgiens-dentistes.fr\/wp-content\/uploads\/2023\/01\/Entree-et-Accueil300-1600x900-1-1500x430.webp\" width=\"1500\" height=\"430\" title='Entr\u00e9e-et-Accueil300-1600x900' alt=''  itemprop=\"thumbnailUrl\"   \/><\/div><\/li><li  class='avia-slideshow-slide av-lct7oxwy-d2902779ad471977f142df3a3d2589b6__4  slide-5 slide-odd'><div data-rel='slideshow-1' class='avia-slide-wrap '   ><img decoding=\"async\" class=\"wp-image-245 avia-img-lazy-loading-not-245\"  src=\"https:\/\/docteur-francois-andre.chirurgiens-dentistes.fr\/wp-content\/uploads\/2023\/01\/sallesoins-1600x900-1-1500x430.webp\" width=\"1500\" height=\"430\" title='sallesoins-1600x900' alt=''  itemprop=\"thumbnailUrl\"   \/><\/div><\/li><li  class='avia-slideshow-slide av-lct7oxwy-d2902779ad471977f142df3a3d2589b6__5  slide-6 slide-even'><div data-rel='slideshow-1' class='avia-slide-wrap '   ><img decoding=\"async\" class=\"wp-image-246 avia-img-lazy-loading-not-246\"  src=\"https:\/\/docteur-francois-andre.chirurgiens-dentistes.fr\/wp-content\/uploads\/2023\/01\/Bureau-d-Accueil_DxO3000-1600x90-1-1500x430.webp\" width=\"1500\" height=\"430\" title='Bureau-d-Accueil_DxO3000-1600x90' alt=''  itemprop=\"thumbnailUrl\"   \/><\/div><\/li><\/ul><div class='avia-slideshow-arrows avia-slideshow-controls' ><a href='#prev' class='prev-slide ' aria-hidden='true' data-av_icon='\ue87c' data-av_iconfont='entypo-fontello'  tabindex='-1'>Pr\u00e9c\u00e9dent<\/a><a href='#next' class='next-slide ' aria-hidden='true' data-av_icon='\ue87d' data-av_iconfont='entypo-fontello'  tabindex='-1'>Suivant<\/a><\/div><\/div><\/div><div id='after_full_slider_1'  class='main_color av_default_container_wrap container_wrap fullsize'  ><div class='container av-section-cont-open' ><div class='template-page content  av-content-full alpha units'><div class='post-entry post-entry-type-page post-entry-14'><div class='entry-content-wrapper clearfix'>\n\n<style type=\"text\/css\" data-created_by=\"avia_inline_auto\" id=\"style-css-av-lcqbssdf-c581b2ed2ac5a23b555845c41431e820\">\n#top .avia-icon-list-container.av-lcqbssdf-c581b2ed2ac5a23b555845c41431e820 .iconlist_icon{\nbackground-color:#353751;\nbackground:linear-gradient( to top, #353751, #ffffff );\n}\n<\/style>\n<div  id=\"special\"  class='avia-icon-list-container av-lcqbssdf-c581b2ed2ac5a23b555845c41431e820  avia-builder-el-15  el_after_av_slideshow_full  el_before_av_one_full  avia-builder-el-first '><ul class='avia-icon-list avia_animate_when_almost_visible avia-icon-list-left av-iconlist-big av-lcqbssdf-c581b2ed2ac5a23b555845c41431e820 avia-iconlist-animate'>\n<li><div class='iconlist_icon av-lcqbsruu-f20f62161a601c096eac8dd2088e583a avia-font-entypo-fontello'><span class='iconlist-char' aria-hidden='true' data-av_icon='\ue856' data-av_iconfont='entypo-fontello'><\/span><\/div><article class=\"article-icon-entry \"  itemscope=\"itemscope\" itemtype=\"https:\/\/schema.org\/CreativeWork\" ><div class=\"iconlist_content_wrap\"><header class=\"entry-content-header\"><h4 class='av_iconlist_title iconlist_title  '  itemprop=\"headline\" >IMPLANTOLOGIE<\/h4><\/header><div class='iconlist_content '  itemprop=\"text\" ><div class=\"col-md-12 intro-feature\">\n<div class=\"intro-content\">\n<p>L\u2019implantologie permet de remplacer des dents, mais ce n\u2019est pas seulement un acte esth\u00e9tique. Cela permet aussi de retrouver un bien-\u00eatre certain aux patients souffrant de la perte d\u2019une ou plusieurs dents. Un implant dentaire est comme une petite vis, c\u2019est une racine artificielle, il est en titane et biocompatible. Il sert \u00e0 remplacer la racine d\u2019une dent ab\u00eem\u00e9e ou manquante et permet de servir de point d\u2019ancrage \u00e0 une future proth\u00e8se dentaire ou couronne c\u00e9ramique. Que ce soit pour une ou plusieurs dents manquantes nous vous proposerons la solution la mieux adapt\u00e9e \u00e0 votre cas, pour un r\u00e9sultat optimal \u00e0 la fois esth\u00e9tique et fiable.<\/p>\n<\/div>\n<\/div>\n<div class=\"col-md-12 intro-feature\">\n<div class=\"intro-icon\"><\/div>\n<\/div>\n<\/div><\/div><footer class=\"entry-footer\"><\/footer><\/article><div class=\"iconlist-timeline\"><\/div><\/li>\n<li><div class='iconlist_icon av-lcqbv90f-085ca48f8bb01677ac5160d77fd3bb45 avia-font-entypo-fontello'><span class='iconlist-char' aria-hidden='true' data-av_icon='\ue806' data-av_iconfont='entypo-fontello'><\/span><\/div><article class=\"article-icon-entry \"  itemscope=\"itemscope\" itemtype=\"https:\/\/schema.org\/CreativeWork\" ><div class=\"iconlist_content_wrap\"><header class=\"entry-content-header\"><h4 class='av_iconlist_title iconlist_title  '  itemprop=\"headline\" >EMPREINTE OPTIQUE<\/h4><\/header><div class='iconlist_content '  itemprop=\"text\" ><div class=\"col-md-9\">\n<p><img loading=\"lazy\" decoding=\"async\" class=\"alignright wp-image-272 size-medium\" src=\"http:\/\/docteur-francois-andre.chirurgiens-dentistes.fr\/wp-content\/uploads\/2023\/01\/seo-225x300.jpeg\" alt=\"\" width=\"225\" height=\"300\" srcset=\"https:\/\/docteur-francois-andre.chirurgiens-dentistes.fr\/wp-content\/uploads\/2023\/01\/seo-225x300.jpeg 225w, https:\/\/docteur-francois-andre.chirurgiens-dentistes.fr\/wp-content\/uploads\/2023\/01\/seo-772x1030.jpeg 772w, https:\/\/docteur-francois-andre.chirurgiens-dentistes.fr\/wp-content\/uploads\/2023\/01\/seo-768x1024.jpeg 768w, https:\/\/docteur-francois-andre.chirurgiens-dentistes.fr\/wp-content\/uploads\/2023\/01\/seo-1152x1536.jpeg 1152w, https:\/\/docteur-francois-andre.chirurgiens-dentistes.fr\/wp-content\/uploads\/2023\/01\/seo-1536x2048.jpeg 1536w, https:\/\/docteur-francois-andre.chirurgiens-dentistes.fr\/wp-content\/uploads\/2023\/01\/seo-1125x1500.jpeg 1125w, https:\/\/docteur-francois-andre.chirurgiens-dentistes.fr\/wp-content\/uploads\/2023\/01\/seo-529x705.jpeg 529w, https:\/\/docteur-francois-andre.chirurgiens-dentistes.fr\/wp-content\/uploads\/2023\/01\/seo-scaled.jpeg 1920w\" sizes=\"auto, (max-width: 225px) 100vw, 225px\" \/>La prise d\u2019empreinte optique est une m\u00e9thode innovante et pr\u00e9cise. Les clich\u00e9s sont pris directement dans la bouche du patient gr\u00e2ce \u00e0 une cam\u00e9ras intra-orale. Les donn\u00e9es sont ensuite converties en mod\u00e8le 3D et transmises en ligne au laboratoire de proth\u00e8se. Ce proc\u00e9d\u00e9 lib\u00e8re dans bien des cas les patients et les dentistes du recours au porte-empreinte et \u00e0 la p\u00e2te, sans modifier pour autant le d\u00e9roulement des op\u00e9rations au cabinet. Le dentiste prend l\u2019empreinte optique et l\u2019envoie au laboratoire. Gr\u00e2ce \u00e0 ce nouveau proc\u00e9d\u00e9 de fabrication de mod\u00e8les et au syst\u00e8me de CFAO, le laboratoire peut alors r\u00e9aliser la restauration demand\u00e9e dans les meilleures conditions.<\/p>\n<\/div>\n<div class=\"col-md-9\"><\/div>\n<\/div><\/div><footer class=\"entry-footer\"><\/footer><\/article><div class=\"iconlist-timeline\"><\/div><\/li>\n<li><div class='iconlist_icon av-lcqbvgsb-81fd8496730367d7fd70f4f918b7ec31 avia-font-entypo-fontello'><span class='iconlist-char' aria-hidden='true' data-av_icon='\ue8b4' data-av_iconfont='entypo-fontello'><\/span><\/div><article class=\"article-icon-entry \"  itemscope=\"itemscope\" itemtype=\"https:\/\/schema.org\/CreativeWork\" ><div class=\"iconlist_content_wrap\"><header class=\"entry-content-header\"><h4 class='av_iconlist_title iconlist_title  '  itemprop=\"headline\" >LASER DENTAIRE<\/h4><\/header><div class='iconlist_content '  itemprop=\"text\" ><div class=\"col-md-9\">\n<p><img loading=\"lazy\" decoding=\"async\" class=\"size-medium wp-image-274 alignright\" src=\"http:\/\/docteur-francois-andre.chirurgiens-dentistes.fr\/wp-content\/uploads\/2023\/01\/laserreduc-204x300.jpg\" alt=\"\" width=\"204\" height=\"300\" srcset=\"https:\/\/docteur-francois-andre.chirurgiens-dentistes.fr\/wp-content\/uploads\/2023\/01\/laserreduc-204x300.jpg 204w, https:\/\/docteur-francois-andre.chirurgiens-dentistes.fr\/wp-content\/uploads\/2023\/01\/laserreduc-700x1030.jpg 700w, https:\/\/docteur-francois-andre.chirurgiens-dentistes.fr\/wp-content\/uploads\/2023\/01\/laserreduc-768x1130.jpg 768w, https:\/\/docteur-francois-andre.chirurgiens-dentistes.fr\/wp-content\/uploads\/2023\/01\/laserreduc-1044x1536.jpg 1044w, https:\/\/docteur-francois-andre.chirurgiens-dentistes.fr\/wp-content\/uploads\/2023\/01\/laserreduc-1391x2048.jpg 1391w, https:\/\/docteur-francois-andre.chirurgiens-dentistes.fr\/wp-content\/uploads\/2023\/01\/laserreduc-1019x1500.jpg 1019w, https:\/\/docteur-francois-andre.chirurgiens-dentistes.fr\/wp-content\/uploads\/2023\/01\/laserreduc-479x705.jpg 479w, https:\/\/docteur-francois-andre.chirurgiens-dentistes.fr\/wp-content\/uploads\/2023\/01\/laserreduc-scaled.jpg 1739w\" sizes=\"auto, (max-width: 204px) 100vw, 204px\" \/>Une r\u00e9volution pour nos dents : le laser Son efficacit\u00e9 a \u00e9t\u00e9 d\u00e9montr\u00e9e dans le traitement des infections localis\u00e9es au niveau de la gencive, des canaux d\u2019une dent et autour d\u2019un implant dentaire. Efficace dans le traitement des maladies des gencives ou maladies parodontales qui se traduisent par : gencives rouges et gonfl\u00e9es, saignement des gencives au brossage, mauvaise haleine persistante, abc\u00e8s avec \u00e9coulement, dent qui bouge ou changement d\u2019adaptation de la proth\u00e8se.<\/p>\n<\/div>\n<div class=\"col-md-9\"><\/div>\n<\/div><\/div><footer class=\"entry-footer\"><\/footer><\/article><div class=\"iconlist-timeline\"><\/div><\/li>\n<\/ul><\/div>\n<div class='flex_column av-1nr62-aa763d047a47e3a412cdcd9aaee7208b av_one_full  avia-builder-el-16  el_after_av_iconlist  el_before_av_one_full  first flex_column_div '     ><\/div><div class='flex_column_table av-lcqb7osv-f32d29cc5be8aab51fee38c7ee8086f8 sc-av_one_full av-equal-height-column-flextable'>\n<style type=\"text\/css\" data-created_by=\"avia_inline_auto\" id=\"style-css-av-lcqb7osv-f32d29cc5be8aab51fee38c7ee8086f8\">\n.flex_column.av-lcqb7osv-f32d29cc5be8aab51fee38c7ee8086f8{\npadding:0 350px 0 350px;\n}\n<\/style>\n<div class='flex_column av-lcqb7osv-f32d29cc5be8aab51fee38c7ee8086f8 av_one_full  avia-builder-el-18  el_after_av_one_full  avia-builder-el-last  first flex_column_table_cell av-equal-height-column av-align-middle column-top-margin'     ><\/div><\/div><!--close column table wrapper. Autoclose: 1 --><\/p>\n","protected":false},"excerpt":{"rendered":"","protected":false},"author":1,"featured_media":0,"parent":0,"menu_order":0,"comment_status":"closed","ping_status":"closed","template":"","meta":{"footnotes":""},"class_list":["post-14","page","type-page","status-publish","hentry"],"_links":{"self":[{"href":"https:\/\/docteur-francois-andre.chirurgiens-dentistes.fr\/index.php?rest_route=\/wp\/v2\/pages\/14","targetHints":{"allow":["GET"]}}],"collection":[{"href":"https:\/\/docteur-francois-andre.chirurgiens-dentistes.fr\/index.php?rest_route=\/wp\/v2\/pages"}],"about":[{"href":"https:\/\/docteur-francois-andre.chirurgiens-dentistes.fr\/index.php?rest_route=\/wp\/v2\/types\/page"}],"author":[{"embeddable":true,"href":"https:\/\/docteur-francois-andre.chirurgiens-dentistes.fr\/index.php?rest_route=\/wp\/v2\/users\/1"}],"replies":[{"embeddable":true,"href":"https:\/\/docteur-francois-andre.chirurgiens-dentistes.fr\/index.php?rest_route=%2Fwp%2Fv2%2Fcomments&post=14"}],"version-history":[{"count":1,"href":"https:\/\/docteur-francois-andre.chirurgiens-dentistes.fr\/index.php?rest_route=\/wp\/v2\/pages\/14\/revisions"}],"predecessor-version":[{"id":290,"href":"https:\/\/docteur-francois-andre.chirurgiens-dentistes.fr\/index.php?rest_route=\/wp\/v2\/pages\/14\/revisions\/290"}],"wp:attachment":[{"href":"https:\/\/docteur-francois-andre.chirurgiens-dentistes.fr\/index.php?rest_route=%2Fwp%2Fv2%2Fmedia&parent=14"}],"curies":[{"name":"wp","href":"https:\/\/api.w.org\/{rel}","templated":true}]}}